{"id":6,"date":"2024-12-18T09:15:13","date_gmt":"2024-12-18T09:15:13","guid":{"rendered":"http:\/\/mmmfrancia.org\/?page_id=6"},"modified":"2026-01-01T22:05:27","modified_gmt":"2026-01-01T22:05:27","slug":"mesmerize","status":"publish","type":"page","link":"http:\/\/mmmfrancia.org\/","title":{"rendered":"Front Page"},"content":{"rendered":"<div  id=\"overlappable-4\" style=\"background-color: #ffffff;\" data-label=\"Overlappable\" data-id=\"overlappable-4\" data-export-id=\"overlappable-4\" data-category=\"overlappable\" class=\"overlappable-4 content-section content-section-spacing\" data-overlap=\"true\"><div  class=\"gridContainer\"> <div  data-type=\"row\" class=\"row spaced-cols text-center center-sm\"><div  class=\"col-xs-12 col-sm-4 col-padding\"> <a  data-cp-link=\"1\" href=\"https:\/\/www.youtube.com\/@mmm_grenoble\" target=\"_blank\" class=\"\"><i  class=\"fa icon shadow-large-black aligncenter color1 fa-youtube-square reverse round large\"><\/i><\/a> <div  data-type=\"column\" class=\"\"> <h5  class=\"\">Notre cha\u00eene YouTube<\/h5> <p  class=\"\">Vivez nos cultes en direct ou retrouvez nos messages en vid\u00e9o, disponibles \u00e0 tout moment pour vous \u00e9difier.<\/p><\/div> <\/div> <div  class=\"col-xs-12 col-sm-4 col-padding\"> <a  data-cp-link=\"1\" href=\"https:\/\/radiosamuel.ice.infomaniak.ch\/radiosamuel-64.aac\" target=\"_blank\" class=\"\"><i  class=\"fa icon shadow-large-black aligncenter color1 fa-podcast reverse round large\"><\/i><\/a> <div  data-type=\"column\" class=\"\"><h5  class=\"\">Radio Samuel<\/h5> <p  class=\"\">Connectez-vous \u00e0 notre radio en ligne, disponible 24h\/24 et 7j\/7, pour \u00e9couter des pr\u00e9dications puissantes, des louanges qui \u00e9l\u00e8vent et des t\u00e9moignages encourageants.<\/p><\/div> <\/div> <div  class=\"col-xs-12 col-sm-4 col-padding\"> <a  data-cp-link=\"1\" href=\"https:\/\/www.facebook.com\/mmmgrenoble\" target=\"_blank\" class=\"\"><i  class=\"fa icon shadow-large-black aligncenter color1 fa-facebook-official reverse round large\"><\/i><\/a> <div  data-type=\"column\" class=\"\"><h5  class=\"\">Notre page Facebook<\/h5> <p  class=\"\">Rejoignez-nous sur notre page Facebook et explorez davantage de contenus qui fortifieront votre foi.<\/p><\/div> <\/div><div  class=\"col-xs-12 col-sm-4 col-padding\"> <a  data-cp-link=\"1\" href=\"https:\/\/www.instagram.com\/mmm_grenoble\" target=\"_blank\" class=\"\"><i  class=\"fa icon shadow-large-black aligncenter color1 fa-instagram reverse round large\"><\/i><\/a> <div  data-type=\"column\" class=\"\"> <h5  class=\"\">Notre compte Instagram<\/h5> <p  class=\"\">Restez connect\u00e9s et \u00e9difi\u00e9s en suivant notre compte Instagram !<\/p><\/div> <\/div><\/div> <\/div><\/div><div  data-label=\"Portfolio\" data-id=\"portfolio--1\" data-export-id=\"portfolio-4\" data-category=\"portfolio\" class=\"portfolio-4 content-section content-section-spacing-top\" id=\"portfolio-1\" style=\"background-color: rgb(245, 250, 253);\"><div  class=\"\"> <div  class=\"row text-center\"><div  class=\"section-title-col\" data-type=\"column\"> <h2  class=\"\">Regardez nos derni\u00e8res transmissions<\/h2> <p  class=\"lead\">Vous avez manqu\u00e9 notre derni\u00e8re transmission ? Pas de souci ! Retrouvez-la d\u00e8s maintenant sur notre cha\u00eene YouTube.<\/p><\/div> <\/div> <div  data-type=\"row\" class=\"row\" data-fixed=\"true\"> <div  class=\"col-xs-12 col-sm-3 no-gutter-col\"> <div  class=\"contentswap-effect\" data-hover-fx=\"portfolio-4\"> <div  class=\"initial-image\"> <img  decoding=\"async\" data-size=\"542x360\" src=\"http:\/\/mmmfrancia.org\/wp-content\/uploads\/2025\/10\/cropped-YouTube_miniature_12Oct.jpg\"><\/div> <div  class=\"overlay bg-color1\"><\/div> <div  class=\"swap-inner col-xs-12\"> <div  class=\"row full-height-row middle-xs middle-sm\"> <div  class=\"col-xs-12 text-center content-holder\"> <a  href=\"https:\/\/www.youtube.com\/live\/9rODRu08V3k?si=UbbVGetNDk46LyqK\" target=\"_blank\" class=\"\"><i  class=\"fa icon portfolio-icon fa-youtube-play big\" aria-hidden=\"true\"><\/i><\/a><\/div> <\/div><\/div> <\/div><\/div> <div  class=\"col-xs-12 col-sm-3 no-gutter-col\"><div  class=\"contentswap-effect\" data-hover-fx=\"portfolio-4\"> <div  class=\"initial-image\"> <img  decoding=\"async\" data-size=\"542x360\" src=\"http:\/\/mmmfrancia.org\/wp-content\/uploads\/2025\/11\/cropped-YouTube_miniature_26Oct.jpg\"><\/div> <div  class=\"overlay bg-color1\"><\/div> <div  class=\"swap-inner col-xs-12\"> <div  class=\"row full-height-row middle-xs middle-sm\"> <div  class=\"col-xs-12 text-center content-holder\"> <a  href=\"https:\/\/www.youtube.com\/live\/1EEGGgc1OyI?si=uo2tJ-dvD6KazKYf\" target=\"_blank\" class=\"\"><i  class=\"fa icon portfolio-icon fa-youtube-play big\" aria-hidden=\"true\"><\/i><\/a><\/div> <\/div><\/div> <\/div><\/div> <div  class=\"col-xs-12 col-sm-3 no-gutter-col\"><div  class=\"contentswap-effect\" data-hover-fx=\"portfolio-4\"> <div  class=\"initial-image\"> <img  decoding=\"async\" data-size=\"542x360\" src=\"http:\/\/mmmfrancia.org\/wp-content\/uploads\/2025\/11\/cropped-YouTube_miniature_23Nov.jpg\"><\/div> <div  class=\"overlay bg-color1\"><\/div> <div  class=\"swap-inner col-xs-12\"> <div  class=\"row full-height-row middle-xs middle-sm\"> <div  class=\"col-xs-12 text-center content-holder\"> <a  href=\"https:\/\/www.youtube.com\/watch?v=yNYpji6xmFY\" target=\"_blank\" class=\"\"><i  class=\"fa icon portfolio-icon fa-youtube-play big\" aria-hidden=\"true\"><\/i><\/a><\/div> <\/div><\/div> <\/div><\/div> <div  class=\"col-xs-12 col-sm-3 no-gutter-col\"><div  class=\"contentswap-effect\" data-hover-fx=\"portfolio-4\"> <div  class=\"initial-image\"> <img  decoding=\"async\" data-size=\"542x360\" src=\"http:\/\/mmmfrancia.org\/wp-content\/uploads\/2025\/10\/cropped-YouTube_miniature_19Oct.jpg\"><\/div> <div  class=\"overlay bg-color1\"><\/div> <div  class=\"swap-inner col-xs-12\"> <div  class=\"row full-height-row middle-xs middle-sm\"> <div  class=\"col-xs-12 text-center content-holder\"> <a  href=\"https:\/\/www.youtube.com\/live\/2-KORW2nZow?si=MrZNvapSXYPq01o6\" target=\"_blank\" class=\"\"><i  class=\"fa icon portfolio-icon fa-youtube-play big\" aria-hidden=\"true\"><\/i><\/a><\/div> <\/div><\/div> <\/div><\/div>     <\/div><\/div> <\/div><div  id=\"about-1\" style=\"background-color: #f5fafd;\" data-label=\"About\" data-id=\"about-1\" data-export-id=\"about-1\" data-category=\"about\" class=\"about-1 content-section\"><div  class=\"gridContainer\"> <div  class=\"row text-center\"><div  class=\"section-title-col\" data-type=\"column\"> <h5  class=\"\">Mouvement Missionnare Mondial \u2013 Grenoble<\/h5> <h2  class=\"\">Une \u00e9glise chr\u00e9tienne \u00e9vang\u00e9lique qui apporte <span  href=\"#\" style=\"font-weight: 700; font-family: Playfair Display,sans-serif; font-style: italic;\">le message de la Parole de Dieu <\/span>et dans laquelle vibre la ferveur d\u2019\u00eatre la lumi\u00e8re dans ce monde.<\/h2> <p  class=\"lead\">Notre mission, c\u2019est d\u2019accomplir le commandement de Dieu de \u201cAllez, faites de toutes les nations des disciples, les baptisant au nom du P\u00e8re, du Fils et du Saint Esprit, et enseignez-leur \u00e0 observer tout ce que je vous ai prescrit. Et voici, je suis avec vous tous les jours, jusqu\u2019\u00e0 la fin du monde.\u201d Evangile selon Matthieu 28:19-20.<\/p><\/div> <\/div> <div  class=\"row\"> <div  class=\"button-holder space-bottom space-bottom-small\" data-type=\"column\"> <\/div> <div  class=\"col-xs bottom-xs flexbox image-group-bottom-3-img space-bottom-xs center-xs\"> <img  decoding=\"async\" class=\"left-img shadow-large-black\" data-size=\"500x300\" src=\"http:\/\/mmmfrancia.org\/wp-content\/uploads\/2024\/12\/cropped-BANNER-scaled-1.jpg\" title=\"BANNER\" alt=\"\"> <img  decoding=\"async\" class=\"center-img shadow-large-black\" data-size=\"500x300\" src=\"http:\/\/mmmfrancia.org\/wp-content\/uploads\/2026\/01\/cropped-HORIZONTAL-scaled-1.jpg\" title=\"HORIZONTAL\" alt=\"\"> <img  decoding=\"async\" class=\"right-img shadow-large-black\" data-size=\"500x300\" src=\"http:\/\/mmmfrancia.org\/wp-content\/uploads\/2024\/12\/cropped-Portada.jpg\" title=\"cropped-Portada.jpg\" alt=\"\"><\/div> <\/div><\/div> <\/div><div  id=\"features-3\" style=\"background-color: #ffffff;\" data-label=\"Features\" data-id=\"features-12-card-bordered\" data-export-id=\"features-12-card-bordered\" data-category=\"features\" class=\"features-12-card-bordered content-section content-section-spacing \"><div  class=\"gridContainer\"> <div  class=\"row text-center\"><div  class=\"section-title-col\" data-type=\"column\"> <h2  class=\"\">Dieu agit au milieu de nous ! D\u00e9couvrez nos activit\u00e9s et rejoignez une communaut\u00e9 engag\u00e9e dans la pri\u00e8re, la louange et le service.<\/h2> <p  class=\"lead\">Plongez au c\u0153ur de notre communaut\u00e9 \u00e0 travers un aper\u00e7u de nos activit\u00e9s : moments de foi, de partage et de croissance spirituelle.<\/p><\/div> <\/div> <div  class=\"row spaced-cols\" data-type=\"row\"> <div  class=\"col-sm-6\"> <div  class=\"card row-card bordered y-move\"> <div  class=\"row\"> <div  class=\"col-sm-fit icon-column\"> <i  class=\"fa icon color2 fa-leanpub bordered round\"><\/i> <\/div> <div  class=\"col-sm\" data-type=\"column\"> <h5  class=\"color2\">Enseignement de la Bible<\/h5> <p  class=\"\">En tant qu\u2019\u00e9glise protestante, nous nous engageons \u00e0 transmettre fid\u00e8lement toutes les \u00c9critures, en les appliquant avec discernement au contexte historique et social de notre \u00e9poque.<\/p><\/div> <\/div><\/div> <\/div> <div  class=\"col-sm-6\"> <div  class=\"card row-card bordered y-move\"> <div  class=\"row\"> <div  class=\"col-sm-fit icon-column\"> <i  class=\"fa icon color2 fa-group bordered round\"><\/i> <\/div> <div  class=\"col-sm\" data-type=\"column\"> <h5  class=\"color2\">Pri\u00e8re en groupe<\/h5> <p  class=\"\">Que ce soit en personne dans notre \u00e9glise ou en ligne via Zoom, nous nous rassemblons r\u00e9guli\u00e8rement pour prier ensemble.<\/p><\/div> <\/div><\/div> <\/div> <div  class=\"col-sm-6\"> <div  class=\"card row-card bordered y-move\"> <div  class=\"row\"> <div  class=\"col-sm-fit icon-column\"> <i  class=\"fa icon color2 fa-slideshare bordered round\"><\/i> <\/div> <div  class=\"col-sm\" data-type=\"column\"> <h5  class=\"color2\">C\u00e9l\u00e9brations hebdomadaires<\/h5> <p  class=\"\">Chaque dimanche \u00e0 10h, rejoignez-nous dans notre lieu de culte pour c\u00e9l\u00e9brer ensemble notre Seigneur et Sauveur J\u00e9sus-Christ. Nous proposons \u00e9galement une \u00e9cole du dimanche pour les enfants ainsi que des r\u00e9unions pour la jeunesse, afin que chacun puisse grandir dans la foi.<\/p><\/div> <\/div><\/div> <\/div> <div  class=\"col-sm-6\"> <div  class=\"card row-card bordered y-move\"> <div  class=\"row\"> <div  class=\"col-sm-fit icon-column\"> <i  class=\"fa icon color2 fa-cogs bordered round\"><\/i> <\/div> <div  class=\"col-sm\" data-type=\"column\"> <h5  class=\"color2\">Congr\u00e8s, conventions, confraternit\u00e9s, camp de jeunes\u2026 <\/h5> <p  class=\"\">Tout au long de l\u2019ann\u00e9e, nous sommes b\u00e9nis de nous rassembler hors de Grenoble, unis avec d\u2019autres \u00e9glises de France et d\u2019Europe, pour partager la foi, encourager nos c\u0153urs et grandir ensemble dans l\u2019amour et la mission du Christ.&nbsp;<\/p><\/div> <\/div><\/div> <\/div><\/div> <\/div><\/div><div  data-label=\"Content\" data-id=\"content--2\" data-export-id=\"content-12\" data-category=\"content\" class=\"content-12 content-section content-section-spacing\" id=\"content-2\" style=\"background-color: rgb(245, 250, 253);\"><div  class=\"gridContainer\"> <div  class=\"row text-center\"><div  class=\"section-title-col\" data-type=\"column\"> <h2  class=\"\">Vous \u00eates les bienvenus dans notre \u00e9glise !&nbsp;<\/h2> <p  class=\"lead\">Venez nous rendre visite et vivre un moment de foi, de louange et de communion fraternelle. Faitez clic sur la photo !!<\/p><\/div> <\/div> <div  class=\"row center-xs middle-xs\"> <div  class=\"col-sm-9\" data-type=\"column\"> <a  data-cp-link=\"1\" href=\"https:\/\/www.google.com\/maps\/place\/Mouvement+Missionnaire+Mondial+%C3%A0+Grenoble\/@45.162582,5.7126813,69m\/data=!3m1!1e3!4m15!1m8!3m7!1s0x478af4aee9735fb1:0x449891c2c1b1b6b2!2s85+Rue+G%C3%A9n%C3%A9ral+Mangin,+38100+Grenoble!3b1!8m2!3d45.1628619!4d5.71286!16s%2Fg%2F11c5bzjb8p!3m5!1s0x478af4aee9735fb1:0x93d542101918b93d!8m2!3d45.1626712!4d5.7126265!16s%2Fg%2F11c44n_f4w?authuser=0&amp;entry=ttu&amp;g_ep=EgoyMDI1MTAxNC4wIKXMDSoASAFQAw%3D%3D\" class=\"\" target=\"_blank\"><img  decoding=\"async\" class=\"shadow-large\" src=\"http:\/\/mmmfrancia.org\/wp-content\/uploads\/2025\/10\/cropped-Entree_SAS.jpg\" title=\"Entr\u00e9e \u00e9glise\" alt=\"\"><\/a><\/div> <\/div><\/div> <\/div><div  id=\"cta-1\" data-label=\"Cta\" data-id=\"cta-blue-section\" data-export-id=\"cta-blue-section\" data-category=\"cta\" class=\"cta-blue-section content-section content-section-spacing-medium bg-color1 white-text\"><div  class=\"gridContainer\"> <div  class=\"row middle-xs\"><div  class=\"col-sm-8 space-bottom-xs\" data-type=\"column\"> <h2  class=\"\">Ne manquez rien de l\u2019action \u2014 rejoignez-nous en direct pour vivre chaque instant avec nous\u202f!<\/h2> <\/div> <div  class=\"col-sm-4 end-sm\" data-type=\"column\"> <a  class=\"button color2\" href=\"https:\/\/www.youtube.com\/@mmm_grenoble\" target=\"_blank\" data-cp-link=\"1\">Transmission en direct<\/a><\/div> <\/div><\/div> <\/div><div  data-label=\"Content\" data-id=\"content--1\" data-export-id=\"content-8\" data-category=\"content\" class=\"content-8 content-section content-section-spacing\" id=\"content-1\" style=\"background-color: rgb(255, 255, 255);\"><div  class=\"gridContainer\"> <div  class=\"row middle-sm\"><div  class=\"col-sm-6 space-bottom-xs space-top-xs\" data-type=\"column\"> <img  decoding=\"async\" class=\"shadow-large\" src=\"http:\/\/mmmfrancia.org\/wp-content\/uploads\/2025\/10\/qrcode_mmm_grenoble.png\" title=\"qrcode_mmm_grenoble\" alt=\"\"><\/div> <div  class=\"col-sm-6\" data-type=\"column\"><h2  class=\"\">Vous pouvez nous soutenir \u00e0 travers PayPal&nbsp;<\/h2> <p  class=\"\">Si vous avez \u00e0 c\u0153ur de soutenir l\u2019\u0153uvre de notre \u00e9glise et les actions que nous menons, vous pouvez le faire en effectuant un don libre via PayPal.<br ><br >Ces dons, enti\u00e8rement volontaires et sans aucun engagement, contribuent au bon fonctionnement de l\u2019\u00e9glise, au soutien des projets communautaires et \u00e0 la diffusion de l\u2019\u00c9vangile.<br ><br >Merci pour votre g\u00e9n\u00e9rosit\u00e9 et vos pri\u00e8res.<\/p> <\/div> <\/div><\/div> <\/div>","protected":false},"excerpt":{"rendered":"<p>Notre cha\u00eene YouTube Vivez nos cultes en direct ou retrouvez nos messages en vid\u00e9o, disponibles \u00e0 tout moment pour vous \u00e9difier. Radio Samuel Connectez-vous \u00e0 notre radio en ligne, disponible 24h\/24 et 7j\/7, pour \u00e9couter des pr\u00e9dications puissantes, des louanges qui \u00e9l\u00e8vent et des t\u00e9moignages encourageants. Notre page Facebook Rejoignez-nous sur notre page Facebook et&hellip; <br \/> <a class=\"read-more\" href=\"http:\/\/mmmfrancia.org\/\">Read more<\/a><\/p>\n","protected":false},"author":1,"featured_media":0,"parent":0,"menu_order":0,"comment_status":"closed","ping_status":"closed","template":"page-templates\/homepage.php","meta":{"footnotes":""},"class_list":["post-6","page","type-page","status-publish","hentry"],"_links":{"self":[{"href":"http:\/\/mmmfrancia.org\/index.php?rest_route=\/wp\/v2\/pages\/6","targetHints":{"allow":["GET"]}}],"collection":[{"href":"http:\/\/mmmfrancia.org\/index.php?rest_route=\/wp\/v2\/pages"}],"about":[{"href":"http:\/\/mmmfrancia.org\/index.php?rest_route=\/wp\/v2\/types\/page"}],"author":[{"embeddable":true,"href":"http:\/\/mmmfrancia.org\/index.php?rest_route=\/wp\/v2\/users\/1"}],"replies":[{"embeddable":true,"href":"http:\/\/mmmfrancia.org\/index.php?rest_route=%2Fwp%2Fv2%2Fcomments&post=6"}],"version-history":[{"count":62,"href":"http:\/\/mmmfrancia.org\/index.php?rest_route=\/wp\/v2\/pages\/6\/revisions"}],"predecessor-version":[{"id":193,"href":"http:\/\/mmmfrancia.org\/index.php?rest_route=\/wp\/v2\/pages\/6\/revisions\/193"}],"wp:attachment":[{"href":"http:\/\/mmmfrancia.org\/index.php?rest_route=%2Fwp%2Fv2%2Fmedia&parent=6"}],"curies":[{"name":"wp","href":"https:\/\/api.w.org\/{rel}","templated":true}]}}